{"id":265,"date":"2022-10-07T09:02:02","date_gmt":"2022-10-07T09:02:02","guid":{"rendered":"https:\/\/melandrija-consulting.hr\/?page_id=265"},"modified":"2023-01-11T11:30:36","modified_gmt":"2023-01-11T11:30:36","slug":"pruzanje-knjigovodstvenih-usluga","status":"publish","type":"page","link":"https:\/\/melandrija.hr\/index.php\/pruzanje-knjigovodstvenih-usluga\/","title":{"rendered":"Pru\u017eanje knjigovodstvenih usluga"},"content":{"rendered":"\t\t<div data-elementor-type=\"wp-page\" data-elementor-id=\"265\" class=\"elementor elementor-265\" data-elementor-post-type=\"page\">\n\t\t\t\t\t\t<section class=\"elementor-section elementor-top-section elementor-element elementor-element-641f1cb0 elementor-section-boxed elementor-section-height-default elementor-section-height-default\" data-id=\"641f1cb0\" data-element_type=\"section\" data-settings=\"{&quot;background_background&quot;:&quot;classic&quot;}\">\n\t\t\t\t\t\t<div class=\"elementor-container elementor-column-gap-default\">\n\t\t\t\t\t<div class=\"elementor-column elementor-col-100 elementor-top-column elementor-element elementor-element-32daa96d\" data-id=\"32daa96d\" data-element_type=\"column\" data-settings=\"{&quot;background_background&quot;:&quot;classic&quot;}\">\n\t\t\t<div class=\"elementor-widget-wrap elementor-element-populated\">\n\t\t\t\t\t\t<div class=\"elementor-element elementor-element-6407101b elementor-invisible elementor-widget elementor-widget-heading\" data-id=\"6407101b\" data-element_type=\"widget\" data-settings=\"{&quot;_animation&quot;:&quot;fadeInUp&quot;}\" data-widget_type=\"heading.default\">\n\t\t\t\t<div class=\"elementor-widget-container\">\n\t\t\t\t\t<h1 class=\"elementor-heading-title elementor-size-default\">Pru\u017eanje knjigovodstvenih usluga<\/h1>\t\t\t\t<\/div>\n\t\t\t\t<\/div>\n\t\t\t\t\t<\/div>\n\t\t<\/div>\n\t\t\t\t\t<\/div>\n\t\t<\/section>\n\t\t\t\t<section class=\"elementor-section elementor-top-section elementor-element elementor-element-6681a450 elementor-section-boxed elementor-section-height-default elementor-section-height-default\" data-id=\"6681a450\" data-element_type=\"section\" data-settings=\"{&quot;background_background&quot;:&quot;classic&quot;}\">\n\t\t\t\t\t\t<div class=\"elementor-container elementor-column-gap-default\">\n\t\t\t\t\t<div class=\"elementor-column elementor-col-50 elementor-top-column elementor-element elementor-element-24c90efc animated-slow elementor-invisible\" data-id=\"24c90efc\" data-element_type=\"column\" data-settings=\"{&quot;animation&quot;:&quot;fadeInLeft&quot;}\">\n\t\t\t<div class=\"elementor-widget-wrap elementor-element-populated\">\n\t\t\t\t\t\t<div class=\"elementor-element elementor-element-2ac49828 elementor-widget elementor-widget-heading\" data-id=\"2ac49828\" data-element_type=\"widget\" data-widget_type=\"heading.default\">\n\t\t\t\t<div class=\"elementor-widget-container\">\n\t\t\t\t\t<h6 class=\"elementor-heading-title elementor-size-default\">Sigurnost podataka<\/h6>\t\t\t\t<\/div>\n\t\t\t\t<\/div>\n\t\t\t\t<div class=\"elementor-element elementor-element-191d0c7 elementor-widget elementor-widget-heading\" data-id=\"191d0c7\" data-element_type=\"widget\" data-widget_type=\"heading.default\">\n\t\t\t\t<div class=\"elementor-widget-container\">\n\t\t\t\t\t<h2 class=\"elementor-heading-title elementor-size-default\">Knjigovodstvene usluge<\/h2>\t\t\t\t<\/div>\n\t\t\t\t<\/div>\n\t\t\t\t<div class=\"elementor-element elementor-element-236d30d4 elementor-widget elementor-widget-text-editor\" data-id=\"236d30d4\" data-element_type=\"widget\" data-widget_type=\"text-editor.default\">\n\t\t\t\t<div class=\"elementor-widget-container\">\n\t\t\t\t\t\t\t\t\t<p>U osnovnom paketu uklju\u010deni su svi poslovi potrebni za poslovanje poduze\u0107a u skladu s poreznim, ra\u010dunovodstvenim i propisima o doprinosima, prijava i odjava zaposlenika, obra\u010dun pla\u0107a i ostalih primitaka zaposlenika i vanjskih suradnika, vrednovanje zaliha, prijava poreza na dodanu vrijednost te prijava poreza na dobit i godi\u0161nji financijski izvje\u0161taji.<\/p><p><strong>Bez dodatnih<\/strong> tro\u0161kova za godi\u0161nje izvje\u0161taje, knjigovodstvene usluge u osnovnom paketu obuhva\u0107aju obradu svih propisanih dokumenata, izvje\u0161taja i prijava. Osnovni paket uklju\u010duje besplatno kontinuirano pru\u017eanje telefonskih savjeta s podru\u010dja financija i ra\u010dunovodstva.<\/p>\t\t\t\t\t\t\t\t<\/div>\n\t\t\t\t<\/div>\n\t\t\t\t<div class=\"elementor-element elementor-element-2db3a1a elementor-widget__width-initial elementor-absolute elementor-widget-mobile__width-initial elementor-hidden-tablet elementor-hidden-mobile elementor-widget elementor-widget-image\" data-id=\"2db3a1a\" data-element_type=\"widget\" data-settings=\"{&quot;_position&quot;:&quot;absolute&quot;}\" data-widget_type=\"image.default\">\n\t\t\t\t<div class=\"elementor-widget-container\">\n\t\t\t\t\t\t\t\t\t\t\t\t\t\t\t<img decoding=\"async\" width=\"241\" height=\"137\" src=\"https:\/\/melandrija.hr\/wp-content\/uploads\/2022\/10\/circleElements.png\" class=\"attachment-large size-large wp-image-25\" alt=\"\" \/>\t\t\t\t\t\t\t\t\t\t\t\t\t\t\t<\/div>\n\t\t\t\t<\/div>\n\t\t\t\t\t<\/div>\n\t\t<\/div>\n\t\t\t\t<div class=\"elementor-column elementor-col-50 elementor-top-column elementor-element elementor-element-3a68a21c\" data-id=\"3a68a21c\" data-element_type=\"column\" data-settings=\"{&quot;background_background&quot;:&quot;classic&quot;}\">\n\t\t\t<div class=\"elementor-widget-wrap elementor-element-populated\">\n\t\t\t\t\t\t<div class=\"elementor-element elementor-element-6abddfaf elementor-widget elementor-widget-spacer\" data-id=\"6abddfaf\" data-element_type=\"widget\" data-widget_type=\"spacer.default\">\n\t\t\t\t<div class=\"elementor-widget-container\">\n\t\t\t\t\t\t\t<div class=\"elementor-spacer\">\n\t\t\t<div class=\"elementor-spacer-inner\"><\/div>\n\t\t<\/div>\n\t\t\t\t\t\t<\/div>\n\t\t\t\t<\/div>\n\t\t\t\t<div class=\"elementor-element elementor-element-b0dd3aa elementor-view-stacked elementor-shape-square animated-slow elementor-widget__width-auto elementor-absolute elementor-hidden-mobile elementor-invisible elementor-widget elementor-widget-icon\" data-id=\"b0dd3aa\" data-element_type=\"widget\" data-settings=\"{&quot;_animation&quot;:&quot;fadeIn&quot;,&quot;_position&quot;:&quot;absolute&quot;}\" data-widget_type=\"icon.default\">\n\t\t\t\t<div class=\"elementor-widget-container\">\n\t\t\t\t\t\t\t<div class=\"elementor-icon-wrapper\">\n\t\t\t<div class=\"elementor-icon\">\n\t\t\t<i aria-hidden=\"true\" class=\"fas fa-pencil-alt\"><\/i>\t\t\t<\/div>\n\t\t<\/div>\n\t\t\t\t\t\t<\/div>\n\t\t\t\t<\/div>\n\t\t\t\t\t<\/div>\n\t\t<\/div>\n\t\t\t\t\t<\/div>\n\t\t<\/section>\n\t\t\t\t<section class=\"elementor-section elementor-top-section elementor-element elementor-element-dc7a10 elementor-section-boxed elementor-section-height-default elementor-section-height-default\" data-id=\"dc7a10\" data-element_type=\"section\" data-settings=\"{&quot;background_background&quot;:&quot;classic&quot;}\">\n\t\t\t\t\t\t<div class=\"elementor-container elementor-column-gap-default\">\n\t\t\t\t\t<div class=\"elementor-column elementor-col-100 elementor-top-column elementor-element elementor-element-6bc98132\" data-id=\"6bc98132\" data-element_type=\"column\">\n\t\t\t<div class=\"elementor-widget-wrap elementor-element-populated\">\n\t\t\t\t\t\t<div class=\"elementor-element elementor-element-73b71f7c elementor-tabs-view-vertical elementor-widget elementor-widget-tabs\" data-id=\"73b71f7c\" data-element_type=\"widget\" data-widget_type=\"tabs.default\">\n\t\t\t\t<div class=\"elementor-widget-container\">\n\t\t\t\t\t\t\t<div class=\"elementor-tabs\">\n\t\t\t<div class=\"elementor-tabs-wrapper\" role=\"tablist\" >\n\t\t\t\t\t\t\t\t\t<div id=\"elementor-tab-title-1941\" class=\"elementor-tab-title elementor-tab-desktop-title\" aria-selected=\"true\" data-tab=\"1\" role=\"tab\" tabindex=\"0\" aria-controls=\"elementor-tab-content-1941\" aria-expanded=\"false\">Otvaranje novih poduze\u0107a<\/div>\n\t\t\t\t\t\t\t\t\t<div id=\"elementor-tab-title-1942\" class=\"elementor-tab-title elementor-tab-desktop-title\" aria-selected=\"false\" data-tab=\"2\" role=\"tab\" tabindex=\"-1\" aria-controls=\"elementor-tab-content-1942\" aria-expanded=\"false\">Knjigovodstvo za mikro i mala poduze\u0107a<\/div>\n\t\t\t\t\t\t\t\t\t<div id=\"elementor-tab-title-1943\" class=\"elementor-tab-title elementor-tab-desktop-title\" aria-selected=\"false\" data-tab=\"3\" role=\"tab\" tabindex=\"-1\" aria-controls=\"elementor-tab-content-1943\" aria-expanded=\"false\">Knjigovodstvo za obrtnike i slobodne djelatnosti<\/div>\n\t\t\t\t\t\t\t<\/div>\n\t\t\t<div class=\"elementor-tabs-content-wrapper\" role=\"tablist\" aria-orientation=\"vertical\">\n\t\t\t\t\t\t\t\t\t<div class=\"elementor-tab-title elementor-tab-mobile-title\" aria-selected=\"true\" data-tab=\"1\" role=\"tab\" tabindex=\"0\" aria-controls=\"elementor-tab-content-1941\" aria-expanded=\"false\">Otvaranje novih poduze\u0107a<\/div>\n\t\t\t\t\t<div id=\"elementor-tab-content-1941\" class=\"elementor-tab-content elementor-clearfix\" data-tab=\"1\" role=\"tabpanel\" aria-labelledby=\"elementor-tab-title-1941\" tabindex=\"0\" hidden=\"false\"><p>Otvaranje obrta, slobodnih djelatnosti, OPG-a.<\/p><p>Posebnu pa\u017enju pridajemo novim poduzetnicima. Nakon prvog razgovora savjetujemo Vam \u0161to bi za Va\u0161u vrstu i obujam poslovanja bilo najoptimalnije otvoriti &#8211; firmu u obliku dru\u0161tva s ograni\u010denom odgovorno\u0161\u0107u, jednostavnog dru\u0161tva sa ograni\u010denom odgovorno\u0161\u0107u ili obrta odnosno samostalne djelatnosti.\u00a0<\/p><p>To je bitna odluka, o njoj ovisi Va\u0161a prezentacija na tr\u017ei\u0161tu, na\u010din rada, visina pla\u0107anja poreza. Nakon \u0161to se zajedni\u010dki odlu\u010dimo o obliku firme\/obrta, upu\u0107ujemo Vas na nadle\u017ene institucije za registraciju istog a potom zasu\u010demo rukave i rje\u0161avamo sve \u0161to Vas mu\u010di oko papirologije, birokracije i zakona.<\/p><p>Na\u0161a podr\u0161ka je, osim u dijelu posla oko knji\u017eenja dokumentacije i formiranja izvje\u0161taja, u savjetima vezano za zakonsko poslovanje, poja\u0161njenja poreznog sustava te \u010desto i povezivanje sa kupcima ili dobavlja\u010dima iz na\u0161e okoline.<\/p><\/div>\n\t\t\t\t\t\t\t\t\t<div class=\"elementor-tab-title elementor-tab-mobile-title\" aria-selected=\"false\" data-tab=\"2\" role=\"tab\" tabindex=\"-1\" aria-controls=\"elementor-tab-content-1942\" aria-expanded=\"false\">Knjigovodstvo za mikro i mala poduze\u0107a<\/div>\n\t\t\t\t\t<div id=\"elementor-tab-content-1942\" class=\"elementor-tab-content elementor-clearfix\" data-tab=\"2\" role=\"tabpanel\" aria-labelledby=\"elementor-tab-title-1942\" tabindex=\"0\" hidden=\"hidden\"><p>Poslovne knjige za poduze\u0107a se vode kroz dvostrano knjigovodstvo, a poslovni rezultat i porezi se obra\u010dunavaju na temelju Zakona o porezu na dobit te Zakona o PDV-u.<\/p><p>Vo\u0111enje poslovnih knjiga poduze\u0107a na temelju primljenih knjigovodstvenih isprava, bez obzira o veli\u010dini mogu obuhva\u0107ati:<\/p><ul><li>formiranje dnevnika knji\u017eenja<\/li><li>formiranje glavne knjige\u00a0<\/li><li>formiranje pomo\u0107nih knjiga utvr\u0111enih u skladu s propisima i potrebama poduzetnika<\/li><li>izrada popisa imovine i obveza<\/li><li>sastavljanje temeljnih financijskih izvje\u0161taja<\/li><li>bilance<\/li><li>ra\u010duna dobiti i gubitka sa svim pomo\u0107nim obrascima<\/li><li>bilje\u0161ki uz financijska izvje\u0161\u0107a<\/li><li>PD obrasca<\/li><li>izrada mjese\u010dnih obra\u010duna pla\u0107a radnika s propisanim doprinosima i porezima te priprema i predaja obrazaca vezanih uz pla\u0107e<\/li><li>priprema mjese\u010dnih, odnosno godi\u0161njih obra\u010duna PDV-a<\/li><li>vo\u0111enje knjige ulaznih ra\u010duna<\/li><li>vo\u0111enje knjige izlaznih ra\u010duna<\/li><li>vo\u0111enje blagajne<\/li><li>izrada poreznih prijava sa svim propisanim prilozima za utvr\u0111ivanje poreza na dobitak<\/li><li>prijave\/odjave radnika<\/li><li>prema dogovoru vodimo dnevnu a\u017euriranu evidenciju dugovanja te vr\u0161imo pla\u0107anja<\/li><li>razna izvje\u0161\u0107a, evidencije i statistike prema dogovoru.<\/li><\/ul><\/div>\n\t\t\t\t\t\t\t\t\t<div class=\"elementor-tab-title elementor-tab-mobile-title\" aria-selected=\"false\" data-tab=\"3\" role=\"tab\" tabindex=\"-1\" aria-controls=\"elementor-tab-content-1943\" aria-expanded=\"false\">Knjigovodstvo za obrtnike i slobodne djelatnosti<\/div>\n\t\t\t\t\t<div id=\"elementor-tab-content-1943\" class=\"elementor-tab-content elementor-clearfix\" data-tab=\"3\" role=\"tabpanel\" aria-labelledby=\"elementor-tab-title-1943\" tabindex=\"0\" hidden=\"hidden\"><p>Na\u010din knji\u017eenja dokumentacije kod obrtnika i ostalih dohoda\u0161a druga\u010diji je u odnosu na poduze\u0107a, a poslovni rezultat i porezi se obra\u010dunavaju na temelju Zakona o porezu na dohodak. Sa stajali\u0161ta Zakona o PDV-u nema ve\u0107ih razlika u odnosu na poduze\u0107a.<\/p><p>Vo\u0111enje poslovnih knjiga za obrtnike i slobodne djelatnosti na temelju primljenih<br \/>knjigovodstvenih isprava mogu obuhva\u0107ati (obuhva\u0107aju):<\/p><ul><li>knjige ulaznih ra\u010duna,<\/li><li>knjige izlaznih ra\u010duna,<\/li><li>knjige primitaka i izdataka,<\/li><li>evidencije trad\u017ebina odnosno obveza,<\/li><li>ostale potrebne evidencije u skladu s propisima i potrebama obrtnika,<\/li><li>izrada popisa dugotrajne imovine,<\/li><li>priprema mjese\u010dnih, odnosno godi\u0161njih obra\u010duna PDV-a,<\/li><li>izrada poreznih prijava sa svim propisanim prilozima za prijavu poreza na dohodak,<\/li><li>izrada mjese\u010dnih obra\u010duna pla\u0107a radnika s propisanim doprinosima i porezima te priprema i predaja obrazaca vezanih uz pla\u0107e,<\/li><li>prijave\/odjave radnika,<\/li><li>prema dogovoru vodimo dnevno a\u017euriranu evidenciju dugovanja te vr\u0161imo pla\u0107anja,<\/li><li>razna izvje\u0161\u0107a, evidencije i statistike prema dogovoru.<\/li><\/ul><p>\u00a0<\/p><p>Osim navedenog, uvijek ima prostora za dodatne dogovore ovisno o \u017eeljama klijenata.<\/p><\/div>\n\t\t\t\t\t\t\t<\/div>\n\t\t<\/div>\n\t\t\t\t\t\t<\/div>\n\t\t\t\t<\/div>\n\t\t\t\t\t<\/div>\n\t\t<\/div>\n\t\t\t\t\t<\/div>\n\t\t<\/section>\n\t\t\t\t<\/div>\n\t\t","protected":false},"excerpt":{"rendered":"<p>Pru\u017eanje knjigovodstvenih usluga Sigurnost podataka Knjigovodstvene usluge U osnovnom paketu uklju\u010deni su svi poslovi potrebni za poslovanje poduze\u0107a u skladu s poreznim, ra\u010dunovodstvenim i propisima o doprinosima, prijava i odjava zaposlenika, obra\u010dun pla\u0107a i ostalih primitaka zaposlenika i vanjskih suradnika, vrednovanje zaliha, prijava poreza na dodanu vrijednost te prijava poreza na dobit i godi\u0161nji financijski [&hellip;]<\/p>\n","protected":false},"author":1,"featured_media":0,"parent":0,"menu_order":0,"comment_status":"closed","ping_status":"closed","template":"","meta":{"footnotes":""},"class_list":["post-265","page","type-page","status-publish","hentry"],"yoast_head":"<!-- This site is optimized with the Yoast SEO plugin v24.6 - https:\/\/yoast.com\/wordpress\/plugins\/seo\/ -->\n<title>Pru\u017eanje knjigovodstvenih usluga - Melandrija Consulting<\/title>\n<meta name=\"robots\" content=\"index, follow, max-snippet:-1, max-image-preview:large, max-video-preview:-1\" \/>\n<link rel=\"canonical\" href=\"https:\/\/melandrija.hr\/index.php\/pruzanje-knjigovodstvenih-usluga\/\" \/>\n<meta property=\"og:locale\" content=\"en_US\" \/>\n<meta property=\"og:type\" content=\"article\" \/>\n<meta property=\"og:title\" content=\"Pru\u017eanje knjigovodstvenih usluga - Melandrija Consulting\" \/>\n<meta property=\"og:description\" content=\"Pru\u017eanje knjigovodstvenih usluga Sigurnost podataka Knjigovodstvene usluge U osnovnom paketu uklju\u010deni su svi poslovi potrebni za poslovanje poduze\u0107a u skladu s poreznim, ra\u010dunovodstvenim i propisima o doprinosima, prijava i odjava zaposlenika, obra\u010dun pla\u0107a i ostalih primitaka zaposlenika i vanjskih suradnika, vrednovanje zaliha, prijava poreza na dodanu vrijednost te prijava poreza na dobit i godi\u0161nji financijski [&hellip;]\" \/>\n<meta property=\"og:url\" content=\"https:\/\/melandrija.hr\/index.php\/pruzanje-knjigovodstvenih-usluga\/\" \/>\n<meta property=\"og:site_name\" content=\"Melandrija Consulting\" \/>\n<meta property=\"article:modified_time\" content=\"2023-01-11T11:30:36+00:00\" \/>\n<meta property=\"og:image\" content=\"http:\/\/melandrija-consulting.hr\/wp-content\/uploads\/2022\/10\/circleElements.png\" \/>\n<meta name=\"twitter:card\" content=\"summary_large_image\" \/>\n<meta name=\"twitter:label1\" content=\"Est. reading time\" \/>\n\t<meta name=\"twitter:data1\" content=\"3 minutes\" \/>\n<script type=\"application\/ld+json\" class=\"yoast-schema-graph\">{\"@context\":\"https:\/\/schema.org\",\"@graph\":[{\"@type\":\"WebPage\",\"@id\":\"https:\/\/melandrija.hr\/index.php\/pruzanje-knjigovodstvenih-usluga\/\",\"url\":\"https:\/\/melandrija.hr\/index.php\/pruzanje-knjigovodstvenih-usluga\/\",\"name\":\"Pru\u017eanje knjigovodstvenih usluga - Melandrija Consulting\",\"isPartOf\":{\"@id\":\"http:\/\/melandrija.hr\/#website\"},\"primaryImageOfPage\":{\"@id\":\"https:\/\/melandrija.hr\/index.php\/pruzanje-knjigovodstvenih-usluga\/#primaryimage\"},\"image\":{\"@id\":\"https:\/\/melandrija.hr\/index.php\/pruzanje-knjigovodstvenih-usluga\/#primaryimage\"},\"thumbnailUrl\":\"http:\/\/melandrija-consulting.hr\/wp-content\/uploads\/2022\/10\/circleElements.png\",\"datePublished\":\"2022-10-07T09:02:02+00:00\",\"dateModified\":\"2023-01-11T11:30:36+00:00\",\"breadcrumb\":{\"@id\":\"https:\/\/melandrija.hr\/index.php\/pruzanje-knjigovodstvenih-usluga\/#breadcrumb\"},\"inLanguage\":\"en-US\",\"potentialAction\":[{\"@type\":\"ReadAction\",\"target\":[\"https:\/\/melandrija.hr\/index.php\/pruzanje-knjigovodstvenih-usluga\/\"]}]},{\"@type\":\"ImageObject\",\"inLanguage\":\"en-US\",\"@id\":\"https:\/\/melandrija.hr\/index.php\/pruzanje-knjigovodstvenih-usluga\/#primaryimage\",\"url\":\"http:\/\/melandrija-consulting.hr\/wp-content\/uploads\/2022\/10\/circleElements.png\",\"contentUrl\":\"http:\/\/melandrija-consulting.hr\/wp-content\/uploads\/2022\/10\/circleElements.png\"},{\"@type\":\"BreadcrumbList\",\"@id\":\"https:\/\/melandrija.hr\/index.php\/pruzanje-knjigovodstvenih-usluga\/#breadcrumb\",\"itemListElement\":[{\"@type\":\"ListItem\",\"position\":1,\"name\":\"Home\",\"item\":\"http:\/\/melandrija.hr\/\"},{\"@type\":\"ListItem\",\"position\":2,\"name\":\"Pru\u017eanje knjigovodstvenih usluga\"}]},{\"@type\":\"WebSite\",\"@id\":\"http:\/\/melandrija.hr\/#website\",\"url\":\"http:\/\/melandrija.hr\/\",\"name\":\"Melandrija Consulting\",\"description\":\"Razvoj gospodarstva\",\"publisher\":{\"@id\":\"http:\/\/melandrija.hr\/#organization\"},\"potentialAction\":[{\"@type\":\"SearchAction\",\"target\":{\"@type\":\"EntryPoint\",\"urlTemplate\":\"http:\/\/melandrija.hr\/?s={search_term_string}\"},\"query-input\":{\"@type\":\"PropertyValueSpecification\",\"valueRequired\":true,\"valueName\":\"search_term_string\"}}],\"inLanguage\":\"en-US\"},{\"@type\":\"Organization\",\"@id\":\"http:\/\/melandrija.hr\/#organization\",\"name\":\"Melandrija Consulting\",\"url\":\"http:\/\/melandrija.hr\/\",\"logo\":{\"@type\":\"ImageObject\",\"inLanguage\":\"en-US\",\"@id\":\"http:\/\/melandrija.hr\/#\/schema\/logo\/image\/\",\"url\":\"http:\/\/melandrija-consulting.hr\/wp-content\/uploads\/2022\/10\/logo-melandrija-consulting.png\",\"contentUrl\":\"http:\/\/melandrija-consulting.hr\/wp-content\/uploads\/2022\/10\/logo-melandrija-consulting.png\",\"width\":857,\"height\":384,\"caption\":\"Melandrija Consulting\"},\"image\":{\"@id\":\"http:\/\/melandrija.hr\/#\/schema\/logo\/image\/\"}}]}<\/script>\n<!-- \/ Yoast SEO plugin. -->","yoast_head_json":{"title":"Pru\u017eanje knjigovodstvenih usluga - Melandrija Consulting","robots":{"index":"index","follow":"follow","max-snippet":"max-snippet:-1","max-image-preview":"max-image-preview:large","max-video-preview":"max-video-preview:-1"},"canonical":"https:\/\/melandrija.hr\/index.php\/pruzanje-knjigovodstvenih-usluga\/","og_locale":"en_US","og_type":"article","og_title":"Pru\u017eanje knjigovodstvenih usluga - Melandrija Consulting","og_description":"Pru\u017eanje knjigovodstvenih usluga Sigurnost podataka Knjigovodstvene usluge U osnovnom paketu uklju\u010deni su svi poslovi potrebni za poslovanje poduze\u0107a u skladu s poreznim, ra\u010dunovodstvenim i propisima o doprinosima, prijava i odjava zaposlenika, obra\u010dun pla\u0107a i ostalih primitaka zaposlenika i vanjskih suradnika, vrednovanje zaliha, prijava poreza na dodanu vrijednost te prijava poreza na dobit i godi\u0161nji financijski [&hellip;]","og_url":"https:\/\/melandrija.hr\/index.php\/pruzanje-knjigovodstvenih-usluga\/","og_site_name":"Melandrija Consulting","article_modified_time":"2023-01-11T11:30:36+00:00","og_image":[{"url":"http:\/\/melandrija-consulting.hr\/wp-content\/uploads\/2022\/10\/circleElements.png","type":"","width":"","height":""}],"twitter_card":"summary_large_image","twitter_misc":{"Est. reading time":"3 minutes"},"schema":{"@context":"https:\/\/schema.org","@graph":[{"@type":"WebPage","@id":"https:\/\/melandrija.hr\/index.php\/pruzanje-knjigovodstvenih-usluga\/","url":"https:\/\/melandrija.hr\/index.php\/pruzanje-knjigovodstvenih-usluga\/","name":"Pru\u017eanje knjigovodstvenih usluga - Melandrija Consulting","isPartOf":{"@id":"http:\/\/melandrija.hr\/#website"},"primaryImageOfPage":{"@id":"https:\/\/melandrija.hr\/index.php\/pruzanje-knjigovodstvenih-usluga\/#primaryimage"},"image":{"@id":"https:\/\/melandrija.hr\/index.php\/pruzanje-knjigovodstvenih-usluga\/#primaryimage"},"thumbnailUrl":"http:\/\/melandrija-consulting.hr\/wp-content\/uploads\/2022\/10\/circleElements.png","datePublished":"2022-10-07T09:02:02+00:00","dateModified":"2023-01-11T11:30:36+00:00","breadcrumb":{"@id":"https:\/\/melandrija.hr\/index.php\/pruzanje-knjigovodstvenih-usluga\/#breadcrumb"},"inLanguage":"en-US","potentialAction":[{"@type":"ReadAction","target":["https:\/\/melandrija.hr\/index.php\/pruzanje-knjigovodstvenih-usluga\/"]}]},{"@type":"ImageObject","inLanguage":"en-US","@id":"https:\/\/melandrija.hr\/index.php\/pruzanje-knjigovodstvenih-usluga\/#primaryimage","url":"http:\/\/melandrija-consulting.hr\/wp-content\/uploads\/2022\/10\/circleElements.png","contentUrl":"http:\/\/melandrija-consulting.hr\/wp-content\/uploads\/2022\/10\/circleElements.png"},{"@type":"BreadcrumbList","@id":"https:\/\/melandrija.hr\/index.php\/pruzanje-knjigovodstvenih-usluga\/#breadcrumb","itemListElement":[{"@type":"ListItem","position":1,"name":"Home","item":"http:\/\/melandrija.hr\/"},{"@type":"ListItem","position":2,"name":"Pru\u017eanje knjigovodstvenih usluga"}]},{"@type":"WebSite","@id":"http:\/\/melandrija.hr\/#website","url":"http:\/\/melandrija.hr\/","name":"Melandrija Consulting","description":"Razvoj gospodarstva","publisher":{"@id":"http:\/\/melandrija.hr\/#organization"},"potentialAction":[{"@type":"SearchAction","target":{"@type":"EntryPoint","urlTemplate":"http:\/\/melandrija.hr\/?s={search_term_string}"},"query-input":{"@type":"PropertyValueSpecification","valueRequired":true,"valueName":"search_term_string"}}],"inLanguage":"en-US"},{"@type":"Organization","@id":"http:\/\/melandrija.hr\/#organization","name":"Melandrija Consulting","url":"http:\/\/melandrija.hr\/","logo":{"@type":"ImageObject","inLanguage":"en-US","@id":"http:\/\/melandrija.hr\/#\/schema\/logo\/image\/","url":"http:\/\/melandrija-consulting.hr\/wp-content\/uploads\/2022\/10\/logo-melandrija-consulting.png","contentUrl":"http:\/\/melandrija-consulting.hr\/wp-content\/uploads\/2022\/10\/logo-melandrija-consulting.png","width":857,"height":384,"caption":"Melandrija Consulting"},"image":{"@id":"http:\/\/melandrija.hr\/#\/schema\/logo\/image\/"}}]}},"_links":{"self":[{"href":"https:\/\/melandrija.hr\/index.php\/wp-json\/wp\/v2\/pages\/265","targetHints":{"allow":["GET"]}}],"collection":[{"href":"https:\/\/melandrija.hr\/index.php\/wp-json\/wp\/v2\/pages"}],"about":[{"href":"https:\/\/melandrija.hr\/index.php\/wp-json\/wp\/v2\/types\/page"}],"author":[{"embeddable":true,"href":"https:\/\/melandrija.hr\/index.php\/wp-json\/wp\/v2\/users\/1"}],"replies":[{"embeddable":true,"href":"https:\/\/melandrija.hr\/index.php\/wp-json\/wp\/v2\/comments?post=265"}],"version-history":[{"count":32,"href":"https:\/\/melandrija.hr\/index.php\/wp-json\/wp\/v2\/pages\/265\/revisions"}],"predecessor-version":[{"id":739,"href":"https:\/\/melandrija.hr\/index.php\/wp-json\/wp\/v2\/pages\/265\/revisions\/739"}],"wp:attachment":[{"href":"https:\/\/melandrija.hr\/index.php\/wp-json\/wp\/v2\/media?parent=265"}],"curies":[{"name":"wp","href":"https:\/\/api.w.org\/{rel}","templated":true}]}}