{"id":212,"date":"2022-10-07T07:45:59","date_gmt":"2022-10-07T07:45:59","guid":{"rendered":"https:\/\/melandrija-consulting.hr\/?page_id=212"},"modified":"2023-01-11T11:34:26","modified_gmt":"2023-01-11T11:34:26","slug":"izrada-programa-raspolaganja-poljoprivrednim-zemljiste-i-provedba-natjecaja-za-zakup-zemlje","status":"publish","type":"page","link":"https:\/\/melandrija.hr\/index.php\/izrada-programa-raspolaganja-poljoprivrednim-zemljiste-i-provedba-natjecaja-za-zakup-zemlje\/","title":{"rendered":"Izrada Programa raspolaganja poljoprivrednim zemlji\u0161te i provedba natje\u010daja za zakup zemlje"},"content":{"rendered":"\t\t<div data-elementor-type=\"wp-page\" data-elementor-id=\"212\" class=\"elementor elementor-212\" data-elementor-post-type=\"page\">\n\t\t\t\t\t\t<section class=\"elementor-section elementor-top-section elementor-element elementor-element-6f591be6 elementor-section-boxed elementor-section-height-default elementor-section-height-default\" data-id=\"6f591be6\" data-element_type=\"section\" data-settings=\"{&quot;background_background&quot;:&quot;classic&quot;}\">\n\t\t\t\t\t\t<div class=\"elementor-container elementor-column-gap-default\">\n\t\t\t\t\t<div class=\"elementor-column elementor-col-100 elementor-top-column elementor-element elementor-element-3204fc2f\" data-id=\"3204fc2f\" data-element_type=\"column\" data-settings=\"{&quot;background_background&quot;:&quot;classic&quot;}\">\n\t\t\t<div class=\"elementor-widget-wrap elementor-element-populated\">\n\t\t\t\t\t\t<div class=\"elementor-element elementor-element-710cdcbf elementor-invisible elementor-widget elementor-widget-heading\" data-id=\"710cdcbf\" data-element_type=\"widget\" data-settings=\"{&quot;_animation&quot;:&quot;fadeInUp&quot;}\" data-widget_type=\"heading.default\">\n\t\t\t\t<div class=\"elementor-widget-container\">\n\t\t\t\t\t<h1 class=\"elementor-heading-title elementor-size-default\">Izrada Programa raspolaganja poljoprivrednim zemlji\u0161tem i provedba natje\u010daja za zakup zemlje<\/h1>\t\t\t\t<\/div>\n\t\t\t\t<\/div>\n\t\t\t\t\t<\/div>\n\t\t<\/div>\n\t\t\t\t\t<\/div>\n\t\t<\/section>\n\t\t\t\t<section class=\"elementor-section elementor-top-section elementor-element elementor-element-7e7443f2 elementor-section-boxed elementor-section-height-default elementor-section-height-default\" data-id=\"7e7443f2\" data-element_type=\"section\" data-settings=\"{&quot;background_background&quot;:&quot;classic&quot;}\">\n\t\t\t\t\t\t<div class=\"elementor-container elementor-column-gap-default\">\n\t\t\t\t\t<div class=\"elementor-column elementor-col-50 elementor-top-column elementor-element elementor-element-1364455b animated-slow elementor-invisible\" data-id=\"1364455b\" data-element_type=\"column\" data-settings=\"{&quot;animation&quot;:&quot;fadeInLeft&quot;}\">\n\t\t\t<div class=\"elementor-widget-wrap elementor-element-populated\">\n\t\t\t\t\t\t<div class=\"elementor-element elementor-element-f66627c elementor-widget elementor-widget-heading\" data-id=\"f66627c\" data-element_type=\"widget\" data-widget_type=\"heading.default\">\n\t\t\t\t<div class=\"elementor-widget-container\">\n\t\t\t\t\t<h6 class=\"elementor-heading-title elementor-size-default\">Sukladno zakonima<\/h6>\t\t\t\t<\/div>\n\t\t\t\t<\/div>\n\t\t\t\t<div class=\"elementor-element elementor-element-5ba818ed elementor-widget elementor-widget-heading\" data-id=\"5ba818ed\" data-element_type=\"widget\" data-widget_type=\"heading.default\">\n\t\t\t\t<div class=\"elementor-widget-container\">\n\t\t\t\t\t<h2 class=\"elementor-heading-title elementor-size-default\">Izrada Programa raspolaganja poljoprivrednim zemlji\u0161tem<\/h2>\t\t\t\t<\/div>\n\t\t\t\t<\/div>\n\t\t\t\t<div class=\"elementor-element elementor-element-534e6efe elementor-widget elementor-widget-text-editor\" data-id=\"534e6efe\" data-element_type=\"widget\" data-widget_type=\"text-editor.default\">\n\t\t\t\t<div class=\"elementor-widget-container\">\n\t\t\t\t\t\t\t\t\t<p><a href=\"https:\/\/www.zagreb.hr\/\" target=\"_blank\" rel=\"noopener\">Zakonom o poljoprivrednom zemlji\u0161tu <\/a>(Narodne novine broj<br \/><a href=\"https:\/\/narodne-novine.nn.hr\/clanci\/sluzbeni\/2018_03_20_402.html\" target=\"_blank\" rel=\"noopener\">20\/18<\/a>, <a href=\"https:\/\/narodne-novine.nn.hr\/clanci\/sluzbeni\/2018_12_115_2253.html\" target=\"_blank\" rel=\"noopener\">115\/18<\/a>, <a href=\"https:\/\/narodne-novine.nn.hr\/clanci\/sluzbeni\/2019_10_98_1954.html\" target=\"_blank\" rel=\"noopener\">98\/19 <\/a>i 57\/22) ure\u0111uje se odr\u017eavanje i za\u0161tita poljoprivrednog zemlji\u0161ta, kori\u0161tenje poljoprivrednog zemlji\u0161ta, promjena namjene poljoprivrednog zemlji\u0161ta i naknada, raspolaganje poljoprivrednim zemlji\u0161tem u vlasni\u0161tvu Republike Hrvatske i Zemlji\u0161ni fond.<\/p><p>Poljoprivrednim zemlji\u0161tem u vlasni\u0161tvu dr\u017eave raspola\u017ee se na temelju <a href=\"https:\/\/www.zagreb.hr\/userdocsimages\/gradski%20vrtovi\/Program%20raspolaganja%20poloprivrednim%20zemlji%C5%A1tem%20u%20vlasni%C5%A1tvu%20RH%20za%20Grad%20Zagreb.pdf\" target=\"_blank\" rel=\"noopener\">Programa raspolaganja poljoprivrednim zemlji\u0161tem u vlasni\u0161tvu dr\u017eave<\/a>, a koji se objavljuje na slu\u017ebenim web stranicama JLS.<\/p><p>Poljoprivrednim zemlji\u0161tem sukladno \u010dlanku 3. stavak 1. ovog Zakona smatraju se poljoprivredne povr\u0161ine koje su po na\u010dinu uporabe u katastru opisane kao: oranice, vrtovi, livade, pa\u0161njaci, vo\u0107njaci, maslinici, vinogradi, ribnjaci, trstici i mo\u010dvare kao i drugo zemlji\u0161te koje se mo\u017ee privesti poljoprivrednoj proizvodnji.<\/p>\t\t\t\t\t\t\t\t<\/div>\n\t\t\t\t<\/div>\n\t\t\t\t<div class=\"elementor-element elementor-element-d14944b elementor-widget__width-initial elementor-absolute elementor-widget-mobile__width-initial elementor-hidden-tablet elementor-hidden-mobile elementor-widget elementor-widget-image\" data-id=\"d14944b\" data-element_type=\"widget\" data-settings=\"{&quot;_position&quot;:&quot;absolute&quot;}\" data-widget_type=\"image.default\">\n\t\t\t\t<div class=\"elementor-widget-container\">\n\t\t\t\t\t\t\t\t\t\t\t\t\t\t\t<img decoding=\"async\" width=\"241\" height=\"137\" src=\"https:\/\/melandrija.hr\/wp-content\/uploads\/2022\/10\/circleElements.png\" class=\"attachment-large size-large wp-image-25\" alt=\"\" \/>\t\t\t\t\t\t\t\t\t\t\t\t\t\t\t<\/div>\n\t\t\t\t<\/div>\n\t\t\t\t\t<\/div>\n\t\t<\/div>\n\t\t\t\t<div class=\"elementor-column elementor-col-50 elementor-top-column elementor-element elementor-element-790269b3\" data-id=\"790269b3\" data-element_type=\"column\" data-settings=\"{&quot;background_background&quot;:&quot;classic&quot;}\">\n\t\t\t<div class=\"elementor-widget-wrap elementor-element-populated\">\n\t\t\t\t\t\t<div class=\"elementor-element elementor-element-4cf1e68c elementor-widget elementor-widget-spacer\" data-id=\"4cf1e68c\" data-element_type=\"widget\" data-widget_type=\"spacer.default\">\n\t\t\t\t<div class=\"elementor-widget-container\">\n\t\t\t\t\t\t\t<div class=\"elementor-spacer\">\n\t\t\t<div class=\"elementor-spacer-inner\"><\/div>\n\t\t<\/div>\n\t\t\t\t\t\t<\/div>\n\t\t\t\t<\/div>\n\t\t\t\t<div class=\"elementor-element elementor-element-37335f48 elementor-view-stacked elementor-shape-square animated-slow elementor-widget__width-auto elementor-absolute elementor-hidden-mobile elementor-invisible elementor-widget elementor-widget-icon\" data-id=\"37335f48\" data-element_type=\"widget\" data-settings=\"{&quot;_animation&quot;:&quot;fadeIn&quot;,&quot;_position&quot;:&quot;absolute&quot;}\" data-widget_type=\"icon.default\">\n\t\t\t\t<div class=\"elementor-widget-container\">\n\t\t\t\t\t\t\t<div class=\"elementor-icon-wrapper\">\n\t\t\t<div class=\"elementor-icon\">\n\t\t\t<i aria-hidden=\"true\" class=\"fas fa-book-open\"><\/i>\t\t\t<\/div>\n\t\t<\/div>\n\t\t\t\t\t\t<\/div>\n\t\t\t\t<\/div>\n\t\t\t\t\t<\/div>\n\t\t<\/div>\n\t\t\t\t\t<\/div>\n\t\t<\/section>\n\t\t\t\t<section class=\"elementor-section elementor-top-section elementor-element elementor-element-530b403 elementor-reverse-mobile elementor-section-boxed elementor-section-height-default elementor-section-height-default\" data-id=\"530b403\" data-element_type=\"section\" data-settings=\"{&quot;background_background&quot;:&quot;classic&quot;}\">\n\t\t\t\t\t\t<div class=\"elementor-container elementor-column-gap-default\">\n\t\t\t\t\t<div class=\"elementor-column elementor-col-100 elementor-top-column elementor-element elementor-element-7fda60f animated-slow elementor-invisible\" data-id=\"7fda60f\" data-element_type=\"column\" data-settings=\"{&quot;animation&quot;:&quot;fadeInLeft&quot;}\">\n\t\t\t<div class=\"elementor-widget-wrap elementor-element-populated\">\n\t\t\t\t\t\t<div class=\"elementor-element elementor-element-7cb062a elementor-widget elementor-widget-heading\" data-id=\"7cb062a\" data-element_type=\"widget\" data-widget_type=\"heading.default\">\n\t\t\t\t<div class=\"elementor-widget-container\">\n\t\t\t\t\t<h6 class=\"elementor-heading-title elementor-size-default\">Javni natje\u010daj<\/h6>\t\t\t\t<\/div>\n\t\t\t\t<\/div>\n\t\t\t\t<div class=\"elementor-element elementor-element-eaaa9bd elementor-widget elementor-widget-heading\" data-id=\"eaaa9bd\" data-element_type=\"widget\" data-widget_type=\"heading.default\">\n\t\t\t\t<div class=\"elementor-widget-container\">\n\t\t\t\t\t<h2 class=\"elementor-heading-title elementor-size-default\">Provedba natje\u010daja za zakup zemlje<\/h2>\t\t\t\t<\/div>\n\t\t\t\t<\/div>\n\t\t\t\t<div class=\"elementor-element elementor-element-80133c2 elementor-widget elementor-widget-text-editor\" data-id=\"80133c2\" data-element_type=\"widget\" data-widget_type=\"text-editor.default\">\n\t\t\t\t<div class=\"elementor-widget-container\">\n\t\t\t\t\t\t\t\t\t<p>Odluku o raspisivanju javnog natje\u010daja za zakup donosi op\u0107insko ili gradsko vije\u0107e, na \u010dijem se podru\u010dju zemlji\u0161te nalazi.<\/p><p>Dokumentacija, rokovi i postupak \u00a0za raspisivanje javnog natje\u010daja za zakup poljoprivrednog zemlji\u0161ta u vlasni\u0161tvu dr\u017eave propisani su Pravilnikom o provo\u0111enju javnog natje\u010daja za zakup poljoprivrednog zemlji\u0161ta i zakup za ribnjake u vlasni\u0161tvu Republike Hrvatske (Narodne novine broj 104\/2022).<\/p>\t\t\t\t\t\t\t\t<\/div>\n\t\t\t\t<\/div>\n\t\t\t\t\t<\/div>\n\t\t<\/div>\n\t\t\t\t\t<\/div>\n\t\t<\/section>\n\t\t\t\t<\/div>\n\t\t","protected":false},"excerpt":{"rendered":"<p>Izrada Programa raspolaganja poljoprivrednim zemlji\u0161tem i provedba natje\u010daja za zakup zemlje Sukladno zakonima Izrada Programa raspolaganja poljoprivrednim zemlji\u0161tem Zakonom o poljoprivrednom zemlji\u0161tu (Narodne novine broj20\/18, 115\/18, 98\/19 i 57\/22) ure\u0111uje se odr\u017eavanje i za\u0161tita poljoprivrednog zemlji\u0161ta, kori\u0161tenje poljoprivrednog zemlji\u0161ta, promjena namjene poljoprivrednog zemlji\u0161ta i naknada, raspolaganje poljoprivrednim zemlji\u0161tem u vlasni\u0161tvu Republike Hrvatske i Zemlji\u0161ni fond. [&hellip;]<\/p>\n","protected":false},"author":1,"featured_media":0,"parent":0,"menu_order":0,"comment_status":"closed","ping_status":"closed","template":"","meta":{"footnotes":""},"class_list":["post-212","page","type-page","status-publish","hentry"],"yoast_head":"<!-- This site is optimized with the Yoast SEO plugin v24.6 - https:\/\/yoast.com\/wordpress\/plugins\/seo\/ -->\n<title>Izrada Programa raspolaganja poljoprivrednim zemlji\u0161te i provedba natje\u010daja za zakup zemlje - Melandrija Consulting<\/title>\n<meta name=\"robots\" content=\"index, follow, max-snippet:-1, max-image-preview:large, max-video-preview:-1\" \/>\n<link rel=\"canonical\" href=\"https:\/\/melandrija.hr\/index.php\/izrada-programa-raspolaganja-poljoprivrednim-zemljiste-i-provedba-natjecaja-za-zakup-zemlje\/\" \/>\n<meta property=\"og:locale\" content=\"en_US\" \/>\n<meta property=\"og:type\" content=\"article\" \/>\n<meta property=\"og:title\" content=\"Izrada Programa raspolaganja poljoprivrednim zemlji\u0161te i provedba natje\u010daja za zakup zemlje - Melandrija Consulting\" \/>\n<meta property=\"og:description\" content=\"Izrada Programa raspolaganja poljoprivrednim zemlji\u0161tem i provedba natje\u010daja za zakup zemlje Sukladno zakonima Izrada Programa raspolaganja poljoprivrednim zemlji\u0161tem Zakonom o poljoprivrednom zemlji\u0161tu (Narodne novine broj20\/18, 115\/18, 98\/19 i 57\/22) ure\u0111uje se odr\u017eavanje i za\u0161tita poljoprivrednog zemlji\u0161ta, kori\u0161tenje poljoprivrednog zemlji\u0161ta, promjena namjene poljoprivrednog zemlji\u0161ta i naknada, raspolaganje poljoprivrednim zemlji\u0161tem u vlasni\u0161tvu Republike Hrvatske i Zemlji\u0161ni fond. [&hellip;]\" \/>\n<meta property=\"og:url\" content=\"https:\/\/melandrija.hr\/index.php\/izrada-programa-raspolaganja-poljoprivrednim-zemljiste-i-provedba-natjecaja-za-zakup-zemlje\/\" \/>\n<meta property=\"og:site_name\" content=\"Melandrija Consulting\" \/>\n<meta property=\"article:modified_time\" content=\"2023-01-11T11:34:26+00:00\" \/>\n<meta property=\"og:image\" content=\"http:\/\/melandrija-consulting.hr\/wp-content\/uploads\/2022\/10\/circleElements.png\" \/>\n<meta name=\"twitter:card\" content=\"summary_large_image\" \/>\n<meta name=\"twitter:label1\" content=\"Est. reading time\" \/>\n\t<meta name=\"twitter:data1\" content=\"2 minutes\" \/>\n<script type=\"application\/ld+json\" class=\"yoast-schema-graph\">{\"@context\":\"https:\/\/schema.org\",\"@graph\":[{\"@type\":\"WebPage\",\"@id\":\"https:\/\/melandrija.hr\/index.php\/izrada-programa-raspolaganja-poljoprivrednim-zemljiste-i-provedba-natjecaja-za-zakup-zemlje\/\",\"url\":\"https:\/\/melandrija.hr\/index.php\/izrada-programa-raspolaganja-poljoprivrednim-zemljiste-i-provedba-natjecaja-za-zakup-zemlje\/\",\"name\":\"Izrada Programa raspolaganja poljoprivrednim zemlji\u0161te i provedba natje\u010daja za zakup zemlje - Melandrija Consulting\",\"isPartOf\":{\"@id\":\"http:\/\/melandrija.hr\/#website\"},\"primaryImageOfPage\":{\"@id\":\"https:\/\/melandrija.hr\/index.php\/izrada-programa-raspolaganja-poljoprivrednim-zemljiste-i-provedba-natjecaja-za-zakup-zemlje\/#primaryimage\"},\"image\":{\"@id\":\"https:\/\/melandrija.hr\/index.php\/izrada-programa-raspolaganja-poljoprivrednim-zemljiste-i-provedba-natjecaja-za-zakup-zemlje\/#primaryimage\"},\"thumbnailUrl\":\"http:\/\/melandrija-consulting.hr\/wp-content\/uploads\/2022\/10\/circleElements.png\",\"datePublished\":\"2022-10-07T07:45:59+00:00\",\"dateModified\":\"2023-01-11T11:34:26+00:00\",\"breadcrumb\":{\"@id\":\"https:\/\/melandrija.hr\/index.php\/izrada-programa-raspolaganja-poljoprivrednim-zemljiste-i-provedba-natjecaja-za-zakup-zemlje\/#breadcrumb\"},\"inLanguage\":\"en-US\",\"potentialAction\":[{\"@type\":\"ReadAction\",\"target\":[\"https:\/\/melandrija.hr\/index.php\/izrada-programa-raspolaganja-poljoprivrednim-zemljiste-i-provedba-natjecaja-za-zakup-zemlje\/\"]}]},{\"@type\":\"ImageObject\",\"inLanguage\":\"en-US\",\"@id\":\"https:\/\/melandrija.hr\/index.php\/izrada-programa-raspolaganja-poljoprivrednim-zemljiste-i-provedba-natjecaja-za-zakup-zemlje\/#primaryimage\",\"url\":\"http:\/\/melandrija-consulting.hr\/wp-content\/uploads\/2022\/10\/circleElements.png\",\"contentUrl\":\"http:\/\/melandrija-consulting.hr\/wp-content\/uploads\/2022\/10\/circleElements.png\"},{\"@type\":\"BreadcrumbList\",\"@id\":\"https:\/\/melandrija.hr\/index.php\/izrada-programa-raspolaganja-poljoprivrednim-zemljiste-i-provedba-natjecaja-za-zakup-zemlje\/#breadcrumb\",\"itemListElement\":[{\"@type\":\"ListItem\",\"position\":1,\"name\":\"Home\",\"item\":\"http:\/\/melandrija.hr\/\"},{\"@type\":\"ListItem\",\"position\":2,\"name\":\"Izrada Programa raspolaganja poljoprivrednim zemlji\u0161te i provedba natje\u010daja za zakup zemlje\"}]},{\"@type\":\"WebSite\",\"@id\":\"http:\/\/melandrija.hr\/#website\",\"url\":\"http:\/\/melandrija.hr\/\",\"name\":\"Melandrija Consulting\",\"description\":\"Razvoj gospodarstva\",\"publisher\":{\"@id\":\"http:\/\/melandrija.hr\/#organization\"},\"potentialAction\":[{\"@type\":\"SearchAction\",\"target\":{\"@type\":\"EntryPoint\",\"urlTemplate\":\"http:\/\/melandrija.hr\/?s={search_term_string}\"},\"query-input\":{\"@type\":\"PropertyValueSpecification\",\"valueRequired\":true,\"valueName\":\"search_term_string\"}}],\"inLanguage\":\"en-US\"},{\"@type\":\"Organization\",\"@id\":\"http:\/\/melandrija.hr\/#organization\",\"name\":\"Melandrija Consulting\",\"url\":\"http:\/\/melandrija.hr\/\",\"logo\":{\"@type\":\"ImageObject\",\"inLanguage\":\"en-US\",\"@id\":\"http:\/\/melandrija.hr\/#\/schema\/logo\/image\/\",\"url\":\"http:\/\/melandrija-consulting.hr\/wp-content\/uploads\/2022\/10\/logo-melandrija-consulting.png\",\"contentUrl\":\"http:\/\/melandrija-consulting.hr\/wp-content\/uploads\/2022\/10\/logo-melandrija-consulting.png\",\"width\":857,\"height\":384,\"caption\":\"Melandrija Consulting\"},\"image\":{\"@id\":\"http:\/\/melandrija.hr\/#\/schema\/logo\/image\/\"}}]}<\/script>\n<!-- \/ Yoast SEO plugin. -->","yoast_head_json":{"title":"Izrada Programa raspolaganja poljoprivrednim zemlji\u0161te i provedba natje\u010daja za zakup zemlje - Melandrija Consulting","robots":{"index":"index","follow":"follow","max-snippet":"max-snippet:-1","max-image-preview":"max-image-preview:large","max-video-preview":"max-video-preview:-1"},"canonical":"https:\/\/melandrija.hr\/index.php\/izrada-programa-raspolaganja-poljoprivrednim-zemljiste-i-provedba-natjecaja-za-zakup-zemlje\/","og_locale":"en_US","og_type":"article","og_title":"Izrada Programa raspolaganja poljoprivrednim zemlji\u0161te i provedba natje\u010daja za zakup zemlje - Melandrija Consulting","og_description":"Izrada Programa raspolaganja poljoprivrednim zemlji\u0161tem i provedba natje\u010daja za zakup zemlje Sukladno zakonima Izrada Programa raspolaganja poljoprivrednim zemlji\u0161tem Zakonom o poljoprivrednom zemlji\u0161tu (Narodne novine broj20\/18, 115\/18, 98\/19 i 57\/22) ure\u0111uje se odr\u017eavanje i za\u0161tita poljoprivrednog zemlji\u0161ta, kori\u0161tenje poljoprivrednog zemlji\u0161ta, promjena namjene poljoprivrednog zemlji\u0161ta i naknada, raspolaganje poljoprivrednim zemlji\u0161tem u vlasni\u0161tvu Republike Hrvatske i Zemlji\u0161ni fond. [&hellip;]","og_url":"https:\/\/melandrija.hr\/index.php\/izrada-programa-raspolaganja-poljoprivrednim-zemljiste-i-provedba-natjecaja-za-zakup-zemlje\/","og_site_name":"Melandrija Consulting","article_modified_time":"2023-01-11T11:34:26+00:00","og_image":[{"url":"http:\/\/melandrija-consulting.hr\/wp-content\/uploads\/2022\/10\/circleElements.png","type":"","width":"","height":""}],"twitter_card":"summary_large_image","twitter_misc":{"Est. reading time":"2 minutes"},"schema":{"@context":"https:\/\/schema.org","@graph":[{"@type":"WebPage","@id":"https:\/\/melandrija.hr\/index.php\/izrada-programa-raspolaganja-poljoprivrednim-zemljiste-i-provedba-natjecaja-za-zakup-zemlje\/","url":"https:\/\/melandrija.hr\/index.php\/izrada-programa-raspolaganja-poljoprivrednim-zemljiste-i-provedba-natjecaja-za-zakup-zemlje\/","name":"Izrada Programa raspolaganja poljoprivrednim zemlji\u0161te i provedba natje\u010daja za zakup zemlje - Melandrija Consulting","isPartOf":{"@id":"http:\/\/melandrija.hr\/#website"},"primaryImageOfPage":{"@id":"https:\/\/melandrija.hr\/index.php\/izrada-programa-raspolaganja-poljoprivrednim-zemljiste-i-provedba-natjecaja-za-zakup-zemlje\/#primaryimage"},"image":{"@id":"https:\/\/melandrija.hr\/index.php\/izrada-programa-raspolaganja-poljoprivrednim-zemljiste-i-provedba-natjecaja-za-zakup-zemlje\/#primaryimage"},"thumbnailUrl":"http:\/\/melandrija-consulting.hr\/wp-content\/uploads\/2022\/10\/circleElements.png","datePublished":"2022-10-07T07:45:59+00:00","dateModified":"2023-01-11T11:34:26+00:00","breadcrumb":{"@id":"https:\/\/melandrija.hr\/index.php\/izrada-programa-raspolaganja-poljoprivrednim-zemljiste-i-provedba-natjecaja-za-zakup-zemlje\/#breadcrumb"},"inLanguage":"en-US","potentialAction":[{"@type":"ReadAction","target":["https:\/\/melandrija.hr\/index.php\/izrada-programa-raspolaganja-poljoprivrednim-zemljiste-i-provedba-natjecaja-za-zakup-zemlje\/"]}]},{"@type":"ImageObject","inLanguage":"en-US","@id":"https:\/\/melandrija.hr\/index.php\/izrada-programa-raspolaganja-poljoprivrednim-zemljiste-i-provedba-natjecaja-za-zakup-zemlje\/#primaryimage","url":"http:\/\/melandrija-consulting.hr\/wp-content\/uploads\/2022\/10\/circleElements.png","contentUrl":"http:\/\/melandrija-consulting.hr\/wp-content\/uploads\/2022\/10\/circleElements.png"},{"@type":"BreadcrumbList","@id":"https:\/\/melandrija.hr\/index.php\/izrada-programa-raspolaganja-poljoprivrednim-zemljiste-i-provedba-natjecaja-za-zakup-zemlje\/#breadcrumb","itemListElement":[{"@type":"ListItem","position":1,"name":"Home","item":"http:\/\/melandrija.hr\/"},{"@type":"ListItem","position":2,"name":"Izrada Programa raspolaganja poljoprivrednim zemlji\u0161te i provedba natje\u010daja za zakup zemlje"}]},{"@type":"WebSite","@id":"http:\/\/melandrija.hr\/#website","url":"http:\/\/melandrija.hr\/","name":"Melandrija Consulting","description":"Razvoj gospodarstva","publisher":{"@id":"http:\/\/melandrija.hr\/#organization"},"potentialAction":[{"@type":"SearchAction","target":{"@type":"EntryPoint","urlTemplate":"http:\/\/melandrija.hr\/?s={search_term_string}"},"query-input":{"@type":"PropertyValueSpecification","valueRequired":true,"valueName":"search_term_string"}}],"inLanguage":"en-US"},{"@type":"Organization","@id":"http:\/\/melandrija.hr\/#organization","name":"Melandrija Consulting","url":"http:\/\/melandrija.hr\/","logo":{"@type":"ImageObject","inLanguage":"en-US","@id":"http:\/\/melandrija.hr\/#\/schema\/logo\/image\/","url":"http:\/\/melandrija-consulting.hr\/wp-content\/uploads\/2022\/10\/logo-melandrija-consulting.png","contentUrl":"http:\/\/melandrija-consulting.hr\/wp-content\/uploads\/2022\/10\/logo-melandrija-consulting.png","width":857,"height":384,"caption":"Melandrija Consulting"},"image":{"@id":"http:\/\/melandrija.hr\/#\/schema\/logo\/image\/"}}]}},"_links":{"self":[{"href":"https:\/\/melandrija.hr\/index.php\/wp-json\/wp\/v2\/pages\/212","targetHints":{"allow":["GET"]}}],"collection":[{"href":"https:\/\/melandrija.hr\/index.php\/wp-json\/wp\/v2\/pages"}],"about":[{"href":"https:\/\/melandrija.hr\/index.php\/wp-json\/wp\/v2\/types\/page"}],"author":[{"embeddable":true,"href":"https:\/\/melandrija.hr\/index.php\/wp-json\/wp\/v2\/users\/1"}],"replies":[{"embeddable":true,"href":"https:\/\/melandrija.hr\/index.php\/wp-json\/wp\/v2\/comments?post=212"}],"version-history":[{"count":54,"href":"https:\/\/melandrija.hr\/index.php\/wp-json\/wp\/v2\/pages\/212\/revisions"}],"predecessor-version":[{"id":744,"href":"https:\/\/melandrija.hr\/index.php\/wp-json\/wp\/v2\/pages\/212\/revisions\/744"}],"wp:attachment":[{"href":"https:\/\/melandrija.hr\/index.php\/wp-json\/wp\/v2\/media?parent=212"}],"curies":[{"name":"wp","href":"https:\/\/api.w.org\/{rel}","templated":true}]}}