{"id":202,"date":"2022-10-07T07:37:27","date_gmt":"2022-10-07T07:37:27","guid":{"rendered":"https:\/\/melandrija-consulting.hr\/?page_id=202"},"modified":"2023-01-11T10:30:18","modified_gmt":"2023-01-11T10:30:18","slug":"izrada-dokumentacije-o-osnivanju-i-pocetku-rada-djecjeg-vrtica","status":"publish","type":"page","link":"https:\/\/melandrija.hr\/index.php\/izrada-dokumentacije-o-osnivanju-i-pocetku-rada-djecjeg-vrtica\/","title":{"rendered":"Izrada dokumentacije o osnivanju i po\u010detku rada dje\u010djeg vrti\u0107a"},"content":{"rendered":"\t\t<div data-elementor-type=\"wp-page\" data-elementor-id=\"202\" class=\"elementor elementor-202\" data-elementor-post-type=\"page\">\n\t\t\t\t\t\t<section class=\"elementor-section elementor-top-section elementor-element elementor-element-3a481626 elementor-section-boxed elementor-section-height-default elementor-section-height-default\" data-id=\"3a481626\" data-element_type=\"section\" data-settings=\"{&quot;background_background&quot;:&quot;classic&quot;}\">\n\t\t\t\t\t\t<div class=\"elementor-container elementor-column-gap-default\">\n\t\t\t\t\t<div class=\"elementor-column elementor-col-100 elementor-top-column elementor-element elementor-element-75f4c82b\" data-id=\"75f4c82b\" data-element_type=\"column\" data-settings=\"{&quot;background_background&quot;:&quot;classic&quot;}\">\n\t\t\t<div class=\"elementor-widget-wrap elementor-element-populated\">\n\t\t\t\t\t\t<div class=\"elementor-element elementor-element-12d795b8 elementor-invisible elementor-widget elementor-widget-heading\" data-id=\"12d795b8\" data-element_type=\"widget\" data-settings=\"{&quot;_animation&quot;:&quot;fadeInUp&quot;}\" data-widget_type=\"heading.default\">\n\t\t\t\t<div class=\"elementor-widget-container\">\n\t\t\t\t\t<h1 class=\"elementor-heading-title elementor-size-default\">Izrada dokumentacije o osnivanju i po\u010detku rada dje\u010djeg vrti\u0107a<\/h1>\t\t\t\t<\/div>\n\t\t\t\t<\/div>\n\t\t\t\t\t<\/div>\n\t\t<\/div>\n\t\t\t\t\t<\/div>\n\t\t<\/section>\n\t\t\t\t<section class=\"elementor-section elementor-top-section elementor-element elementor-element-43be3f36 elementor-section-boxed elementor-section-height-default elementor-section-height-default\" data-id=\"43be3f36\" data-element_type=\"section\" data-settings=\"{&quot;background_background&quot;:&quot;classic&quot;}\">\n\t\t\t\t\t\t<div class=\"elementor-container elementor-column-gap-default\">\n\t\t\t\t\t<div class=\"elementor-column elementor-col-50 elementor-top-column elementor-element elementor-element-1a1f351a animated-slow elementor-invisible\" data-id=\"1a1f351a\" data-element_type=\"column\" data-settings=\"{&quot;animation&quot;:&quot;fadeInLeft&quot;}\">\n\t\t\t<div class=\"elementor-widget-wrap elementor-element-populated\">\n\t\t\t\t\t\t<div class=\"elementor-element elementor-element-42ad21d0 elementor-widget elementor-widget-heading\" data-id=\"42ad21d0\" data-element_type=\"widget\" data-widget_type=\"heading.default\">\n\t\t\t\t<div class=\"elementor-widget-container\">\n\t\t\t\t\t<h6 class=\"elementor-heading-title elementor-size-default\">izrada dokumentacije<\/h6>\t\t\t\t<\/div>\n\t\t\t\t<\/div>\n\t\t\t\t<div class=\"elementor-element elementor-element-b24d1de elementor-widget elementor-widget-heading\" data-id=\"b24d1de\" data-element_type=\"widget\" data-widget_type=\"heading.default\">\n\t\t\t\t<div class=\"elementor-widget-container\">\n\t\t\t\t\t<h2 class=\"elementor-heading-title elementor-size-default\">\u0160to obuhva\u0107a?<\/h2>\t\t\t\t<\/div>\n\t\t\t\t<\/div>\n\t\t\t\t<div class=\"elementor-element elementor-element-585546e elementor-widget elementor-widget-text-editor\" data-id=\"585546e\" data-element_type=\"widget\" data-widget_type=\"text-editor.default\">\n\t\t\t\t<div class=\"elementor-widget-container\">\n\t\t\t\t\t\t\t\t\t<p>U nastavku je popis va\u017enijih dokumenata koje izra\u0111ujemo, pritom stavljaju\u0107i naglasak na Program odgojno-obrazovnog rada koji je najva\u017eniji i najslo\u017eeniji dokument koji Osniva\u010d mora izraditi i ishoditi suglasnost Ministarstva obrazovanja. Izrada istoga ovisi kako o tehni\u010dkim rje\u0161enjima zgrade dje\u010djeg vrti\u0107a, tako i o uvjetima koje Osniva\u010d, kao investitor izgradnje objekta, mora ispuniti, a ti\u010de se<br \/>ponajprije broja zaposlenih u dje\u010djem vrti\u0107u.<\/p><p>Osim izrade dokumentacije koja je bitna stavka, jednako je va\u017ean i sam postupak osnivanja dje\u010djeg vrti\u0107a koji zapo\u010dinje dono\u0161enjem Odluke o osnivanju Osniva\u010da, nastavlja se isho\u0111enjem Rje\u0161enja o po\u010detku rada dje\u010djeg vrti\u0107a (koje izdaje nadle\u017eno tijelo \u017eupanije za poslove obrazovanja), te zavr\u0161ava upisom dje\u010djeg vrti\u0107a u sudski registar.<\/p>\t\t\t\t\t\t\t\t<\/div>\n\t\t\t\t<\/div>\n\t\t\t\t<div class=\"elementor-element elementor-element-bb76707 elementor-widget__width-initial elementor-absolute elementor-widget-mobile__width-initial elementor-hidden-tablet elementor-hidden-mobile elementor-widget elementor-widget-image\" data-id=\"bb76707\" data-element_type=\"widget\" data-settings=\"{&quot;_position&quot;:&quot;absolute&quot;}\" data-widget_type=\"image.default\">\n\t\t\t\t<div class=\"elementor-widget-container\">\n\t\t\t\t\t\t\t\t\t\t\t\t\t\t\t<img decoding=\"async\" width=\"241\" height=\"137\" src=\"https:\/\/melandrija.hr\/wp-content\/uploads\/2022\/10\/circleElements.png\" class=\"attachment-large size-large wp-image-25\" alt=\"\" \/>\t\t\t\t\t\t\t\t\t\t\t\t\t\t\t<\/div>\n\t\t\t\t<\/div>\n\t\t\t\t\t<\/div>\n\t\t<\/div>\n\t\t\t\t<div class=\"elementor-column elementor-col-50 elementor-top-column elementor-element elementor-element-6a46c603\" data-id=\"6a46c603\" data-element_type=\"column\" data-settings=\"{&quot;background_background&quot;:&quot;classic&quot;}\">\n\t\t\t<div class=\"elementor-widget-wrap elementor-element-populated\">\n\t\t\t\t\t\t<div class=\"elementor-element elementor-element-6fe3082 elementor-widget elementor-widget-spacer\" data-id=\"6fe3082\" data-element_type=\"widget\" data-widget_type=\"spacer.default\">\n\t\t\t\t<div class=\"elementor-widget-container\">\n\t\t\t\t\t\t\t<div class=\"elementor-spacer\">\n\t\t\t<div class=\"elementor-spacer-inner\"><\/div>\n\t\t<\/div>\n\t\t\t\t\t\t<\/div>\n\t\t\t\t<\/div>\n\t\t\t\t<div class=\"elementor-element elementor-element-3b4dd5b elementor-view-stacked elementor-shape-square animated-slow elementor-widget__width-auto elementor-absolute elementor-hidden-mobile elementor-invisible elementor-widget elementor-widget-icon\" data-id=\"3b4dd5b\" data-element_type=\"widget\" data-settings=\"{&quot;_animation&quot;:&quot;fadeIn&quot;,&quot;_position&quot;:&quot;absolute&quot;}\" data-widget_type=\"icon.default\">\n\t\t\t\t<div class=\"elementor-widget-container\">\n\t\t\t\t\t\t\t<div class=\"elementor-icon-wrapper\">\n\t\t\t<div class=\"elementor-icon\">\n\t\t\t<i aria-hidden=\"true\" class=\"fas fa-book-open\"><\/i>\t\t\t<\/div>\n\t\t<\/div>\n\t\t\t\t\t\t<\/div>\n\t\t\t\t<\/div>\n\t\t\t\t\t<\/div>\n\t\t<\/div>\n\t\t\t\t\t<\/div>\n\t\t<\/section>\n\t\t\t\t<section class=\"elementor-section elementor-top-section elementor-element elementor-element-730241a3 elementor-section-boxed elementor-section-height-default elementor-section-height-default\" data-id=\"730241a3\" data-element_type=\"section\" data-settings=\"{&quot;background_background&quot;:&quot;classic&quot;}\">\n\t\t\t\t\t\t<div class=\"elementor-container elementor-column-gap-default\">\n\t\t\t\t\t<div class=\"elementor-column elementor-col-100 elementor-top-column elementor-element elementor-element-62689b39\" data-id=\"62689b39\" data-element_type=\"column\">\n\t\t\t<div class=\"elementor-widget-wrap elementor-element-populated\">\n\t\t\t\t\t\t<div class=\"elementor-element elementor-element-52181e1b elementor-tabs-view-vertical elementor-widget elementor-widget-tabs\" data-id=\"52181e1b\" data-element_type=\"widget\" data-widget_type=\"tabs.default\">\n\t\t\t\t<div class=\"elementor-widget-container\">\n\t\t\t\t\t\t\t<div class=\"elementor-tabs\">\n\t\t\t<div class=\"elementor-tabs-wrapper\" role=\"tablist\" >\n\t\t\t\t\t\t\t\t\t<div id=\"elementor-tab-title-1371\" class=\"elementor-tab-title elementor-tab-desktop-title\" aria-selected=\"true\" data-tab=\"1\" role=\"tab\" tabindex=\"0\" aria-controls=\"elementor-tab-content-1371\" aria-expanded=\"false\">Ponuda obuhva\u0107a izradu<\/div>\n\t\t\t\t\t\t\t\t\t<div id=\"elementor-tab-title-1372\" class=\"elementor-tab-title elementor-tab-desktop-title\" aria-selected=\"false\" data-tab=\"2\" role=\"tab\" tabindex=\"-1\" aria-controls=\"elementor-tab-content-1372\" aria-expanded=\"false\">Predvi\u0111eno vrijeme izrade<\/div>\n\t\t\t\t\t\t\t<\/div>\n\t\t\t<div class=\"elementor-tabs-content-wrapper\" role=\"tablist\" aria-orientation=\"vertical\">\n\t\t\t\t\t\t\t\t\t<div class=\"elementor-tab-title elementor-tab-mobile-title\" aria-selected=\"true\" data-tab=\"1\" role=\"tab\" tabindex=\"0\" aria-controls=\"elementor-tab-content-1371\" aria-expanded=\"false\">Ponuda obuhva\u0107a izradu<\/div>\n\t\t\t\t\t<div id=\"elementor-tab-content-1371\" class=\"elementor-tab-content elementor-clearfix\" data-tab=\"1\" role=\"tabpanel\" aria-labelledby=\"elementor-tab-title-1371\" tabindex=\"0\" hidden=\"false\"><ul><li><strong>Odluke o osnivanju (akt o osnivanju)<\/strong> \u2013 potrebno dobivanje rje\u0161enje Ministarstva obrazovanja o sukladnosti sa Zakonom o pred\u0161kolskom odgoju i obrazovanju,<\/li><li><strong>Programa odgojno &#8211; obrazovnog rada<\/strong> \u2013 dobivanje suglasnosti Ministarstva obrazovanja,<\/li><li><strong>Statuta dje\u010djeg vrti\u0107a<\/strong>,<\/li><li><strong>Pravilnika o unutarnjem ustrojstvu i na\u010dinu rada dje\u010djeg vrti\u0107a<\/strong>,<\/li><li><strong>Pravilnika o radu<\/strong>,<\/li><li><strong>Pravilnika o upisu djece<\/strong> u dje\u010dji vrti\u0107,<\/li><li><strong>Pravilnika o pla\u0107ama, naknadama pla\u0107e i drugim materijalnim pravima radnika zaposlenih u dje\u010djem vrti\u0107u<\/strong>,<\/li><li><strong>Pravilnika o na\u010dinu i uvjetima sudjelovanja roditelja u cijeni programa dje\u010djeg vrti\u0107a<\/strong>,<\/li><li><strong>Odluke o imenovanju \u010dlanova upravnog vije\u0107a dje\u010djeg vrti\u0107a zajedno sa potrebnim zapisnicima sa konstituiraju\u0107e sjednice i daljnjih sjednica oko usugla\u0161avanja tekstova potrebnih akata<\/strong>,<\/li><li><strong>Odluka o dobivanju prethodnih suglasnosti na akte koji zahtijevaju navedeno<\/strong>,<\/li><li><strong>Postupak oko isho\u0111enje suglasnosti Ministarstva uprave na sadr\u017eaj pe\u010data vrti\u0107a<\/strong> (kori\u0161tenje pe\u010data sa grbom Republike Hrvatske),<\/li><li><strong>Izradu svih dokumenata koji se ti\u010du za\u0161tite osobnih podataka<\/strong> (GDPR),<\/li><li><strong>Savjetovanja oko svih postupaka i procedura, te izradu svih drugih akata u svezi dobivanja Rje\u0161enja o po\u010detku rada dje\u010djeg vrti\u0107a od nadle\u017enog \u017eupanijskog Upravnog odjela za obrazovanje, \u0161port i kulturu, do dobivanja navedenog Rje\u0161enja<\/strong>.<\/li><\/ul><\/div>\n\t\t\t\t\t\t\t\t\t<div class=\"elementor-tab-title elementor-tab-mobile-title\" aria-selected=\"false\" data-tab=\"2\" role=\"tab\" tabindex=\"-1\" aria-controls=\"elementor-tab-content-1372\" aria-expanded=\"false\">Predvi\u0111eno vrijeme izrade<\/div>\n\t\t\t\t\t<div id=\"elementor-tab-content-1372\" class=\"elementor-tab-content elementor-clearfix\" data-tab=\"2\" role=\"tabpanel\" aria-labelledby=\"elementor-tab-title-1372\" tabindex=\"0\" hidden=\"hidden\"><p>Predvi\u0111eno vrijeme za izradu potrebne dokumentacije, provedbu svih natje\u010daja za zapo\u0161ljavanje te isho\u0111enja Rje\u0161enja o po\u010detku rada je okvirno <strong>6 mjeseci<\/strong>.<\/p><\/div>\n\t\t\t\t\t\t\t<\/div>\n\t\t<\/div>\n\t\t\t\t\t\t<\/div>\n\t\t\t\t<\/div>\n\t\t\t\t\t<\/div>\n\t\t<\/div>\n\t\t\t\t\t<\/div>\n\t\t<\/section>\n\t\t\t\t<\/div>\n\t\t","protected":false},"excerpt":{"rendered":"<p>Izrada dokumentacije o osnivanju i po\u010detku rada dje\u010djeg vrti\u0107a izrada dokumentacije \u0160to obuhva\u0107a? U nastavku je popis va\u017enijih dokumenata koje izra\u0111ujemo, pritom stavljaju\u0107i naglasak na Program odgojno-obrazovnog rada koji je najva\u017eniji i najslo\u017eeniji dokument koji Osniva\u010d mora izraditi i ishoditi suglasnost Ministarstva obrazovanja. Izrada istoga ovisi kako o tehni\u010dkim rje\u0161enjima zgrade dje\u010djeg vrti\u0107a, tako i [&hellip;]<\/p>\n","protected":false},"author":1,"featured_media":0,"parent":0,"menu_order":0,"comment_status":"closed","ping_status":"closed","template":"","meta":{"footnotes":""},"class_list":["post-202","page","type-page","status-publish","hentry"],"yoast_head":"<!-- This site is optimized with the Yoast SEO plugin v24.6 - https:\/\/yoast.com\/wordpress\/plugins\/seo\/ -->\n<title>Izrada dokumentacije o osnivanju i po\u010detku rada dje\u010djeg vrti\u0107a - Melandrija Consulting<\/title>\n<meta name=\"robots\" content=\"index, follow, max-snippet:-1, max-image-preview:large, max-video-preview:-1\" \/>\n<link rel=\"canonical\" href=\"https:\/\/melandrija.hr\/index.php\/izrada-dokumentacije-o-osnivanju-i-pocetku-rada-djecjeg-vrtica\/\" \/>\n<meta property=\"og:locale\" content=\"en_US\" \/>\n<meta property=\"og:type\" content=\"article\" \/>\n<meta property=\"og:title\" content=\"Izrada dokumentacije o osnivanju i po\u010detku rada dje\u010djeg vrti\u0107a - Melandrija Consulting\" \/>\n<meta property=\"og:description\" content=\"Izrada dokumentacije o osnivanju i po\u010detku rada dje\u010djeg vrti\u0107a izrada dokumentacije \u0160to obuhva\u0107a? U nastavku je popis va\u017enijih dokumenata koje izra\u0111ujemo, pritom stavljaju\u0107i naglasak na Program odgojno-obrazovnog rada koji je najva\u017eniji i najslo\u017eeniji dokument koji Osniva\u010d mora izraditi i ishoditi suglasnost Ministarstva obrazovanja. Izrada istoga ovisi kako o tehni\u010dkim rje\u0161enjima zgrade dje\u010djeg vrti\u0107a, tako i [&hellip;]\" \/>\n<meta property=\"og:url\" content=\"https:\/\/melandrija.hr\/index.php\/izrada-dokumentacije-o-osnivanju-i-pocetku-rada-djecjeg-vrtica\/\" \/>\n<meta property=\"og:site_name\" content=\"Melandrija Consulting\" \/>\n<meta property=\"article:modified_time\" content=\"2023-01-11T10:30:18+00:00\" \/>\n<meta property=\"og:image\" content=\"http:\/\/melandrija-consulting.hr\/wp-content\/uploads\/2022\/10\/circleElements.png\" \/>\n<meta name=\"twitter:card\" content=\"summary_large_image\" \/>\n<meta name=\"twitter:label1\" content=\"Est. reading time\" \/>\n\t<meta name=\"twitter:data1\" content=\"2 minutes\" \/>\n<script type=\"application\/ld+json\" class=\"yoast-schema-graph\">{\"@context\":\"https:\/\/schema.org\",\"@graph\":[{\"@type\":\"WebPage\",\"@id\":\"https:\/\/melandrija.hr\/index.php\/izrada-dokumentacije-o-osnivanju-i-pocetku-rada-djecjeg-vrtica\/\",\"url\":\"https:\/\/melandrija.hr\/index.php\/izrada-dokumentacije-o-osnivanju-i-pocetku-rada-djecjeg-vrtica\/\",\"name\":\"Izrada dokumentacije o osnivanju i po\u010detku rada dje\u010djeg vrti\u0107a - Melandrija Consulting\",\"isPartOf\":{\"@id\":\"http:\/\/melandrija.hr\/#website\"},\"primaryImageOfPage\":{\"@id\":\"https:\/\/melandrija.hr\/index.php\/izrada-dokumentacije-o-osnivanju-i-pocetku-rada-djecjeg-vrtica\/#primaryimage\"},\"image\":{\"@id\":\"https:\/\/melandrija.hr\/index.php\/izrada-dokumentacije-o-osnivanju-i-pocetku-rada-djecjeg-vrtica\/#primaryimage\"},\"thumbnailUrl\":\"http:\/\/melandrija-consulting.hr\/wp-content\/uploads\/2022\/10\/circleElements.png\",\"datePublished\":\"2022-10-07T07:37:27+00:00\",\"dateModified\":\"2023-01-11T10:30:18+00:00\",\"breadcrumb\":{\"@id\":\"https:\/\/melandrija.hr\/index.php\/izrada-dokumentacije-o-osnivanju-i-pocetku-rada-djecjeg-vrtica\/#breadcrumb\"},\"inLanguage\":\"en-US\",\"potentialAction\":[{\"@type\":\"ReadAction\",\"target\":[\"https:\/\/melandrija.hr\/index.php\/izrada-dokumentacije-o-osnivanju-i-pocetku-rada-djecjeg-vrtica\/\"]}]},{\"@type\":\"ImageObject\",\"inLanguage\":\"en-US\",\"@id\":\"https:\/\/melandrija.hr\/index.php\/izrada-dokumentacije-o-osnivanju-i-pocetku-rada-djecjeg-vrtica\/#primaryimage\",\"url\":\"http:\/\/melandrija-consulting.hr\/wp-content\/uploads\/2022\/10\/circleElements.png\",\"contentUrl\":\"http:\/\/melandrija-consulting.hr\/wp-content\/uploads\/2022\/10\/circleElements.png\"},{\"@type\":\"BreadcrumbList\",\"@id\":\"https:\/\/melandrija.hr\/index.php\/izrada-dokumentacije-o-osnivanju-i-pocetku-rada-djecjeg-vrtica\/#breadcrumb\",\"itemListElement\":[{\"@type\":\"ListItem\",\"position\":1,\"name\":\"Home\",\"item\":\"http:\/\/melandrija.hr\/\"},{\"@type\":\"ListItem\",\"position\":2,\"name\":\"Izrada dokumentacije o osnivanju i po\u010detku rada dje\u010djeg vrti\u0107a\"}]},{\"@type\":\"WebSite\",\"@id\":\"http:\/\/melandrija.hr\/#website\",\"url\":\"http:\/\/melandrija.hr\/\",\"name\":\"Melandrija Consulting\",\"description\":\"Razvoj gospodarstva\",\"publisher\":{\"@id\":\"http:\/\/melandrija.hr\/#organization\"},\"potentialAction\":[{\"@type\":\"SearchAction\",\"target\":{\"@type\":\"EntryPoint\",\"urlTemplate\":\"http:\/\/melandrija.hr\/?s={search_term_string}\"},\"query-input\":{\"@type\":\"PropertyValueSpecification\",\"valueRequired\":true,\"valueName\":\"search_term_string\"}}],\"inLanguage\":\"en-US\"},{\"@type\":\"Organization\",\"@id\":\"http:\/\/melandrija.hr\/#organization\",\"name\":\"Melandrija Consulting\",\"url\":\"http:\/\/melandrija.hr\/\",\"logo\":{\"@type\":\"ImageObject\",\"inLanguage\":\"en-US\",\"@id\":\"http:\/\/melandrija.hr\/#\/schema\/logo\/image\/\",\"url\":\"http:\/\/melandrija-consulting.hr\/wp-content\/uploads\/2022\/10\/logo-melandrija-consulting.png\",\"contentUrl\":\"http:\/\/melandrija-consulting.hr\/wp-content\/uploads\/2022\/10\/logo-melandrija-consulting.png\",\"width\":857,\"height\":384,\"caption\":\"Melandrija Consulting\"},\"image\":{\"@id\":\"http:\/\/melandrija.hr\/#\/schema\/logo\/image\/\"}}]}<\/script>\n<!-- \/ Yoast SEO plugin. -->","yoast_head_json":{"title":"Izrada dokumentacije o osnivanju i po\u010detku rada dje\u010djeg vrti\u0107a - Melandrija Consulting","robots":{"index":"index","follow":"follow","max-snippet":"max-snippet:-1","max-image-preview":"max-image-preview:large","max-video-preview":"max-video-preview:-1"},"canonical":"https:\/\/melandrija.hr\/index.php\/izrada-dokumentacije-o-osnivanju-i-pocetku-rada-djecjeg-vrtica\/","og_locale":"en_US","og_type":"article","og_title":"Izrada dokumentacije o osnivanju i po\u010detku rada dje\u010djeg vrti\u0107a - Melandrija Consulting","og_description":"Izrada dokumentacije o osnivanju i po\u010detku rada dje\u010djeg vrti\u0107a izrada dokumentacije \u0160to obuhva\u0107a? U nastavku je popis va\u017enijih dokumenata koje izra\u0111ujemo, pritom stavljaju\u0107i naglasak na Program odgojno-obrazovnog rada koji je najva\u017eniji i najslo\u017eeniji dokument koji Osniva\u010d mora izraditi i ishoditi suglasnost Ministarstva obrazovanja. Izrada istoga ovisi kako o tehni\u010dkim rje\u0161enjima zgrade dje\u010djeg vrti\u0107a, tako i [&hellip;]","og_url":"https:\/\/melandrija.hr\/index.php\/izrada-dokumentacije-o-osnivanju-i-pocetku-rada-djecjeg-vrtica\/","og_site_name":"Melandrija Consulting","article_modified_time":"2023-01-11T10:30:18+00:00","og_image":[{"url":"http:\/\/melandrija-consulting.hr\/wp-content\/uploads\/2022\/10\/circleElements.png","type":"","width":"","height":""}],"twitter_card":"summary_large_image","twitter_misc":{"Est. reading time":"2 minutes"},"schema":{"@context":"https:\/\/schema.org","@graph":[{"@type":"WebPage","@id":"https:\/\/melandrija.hr\/index.php\/izrada-dokumentacije-o-osnivanju-i-pocetku-rada-djecjeg-vrtica\/","url":"https:\/\/melandrija.hr\/index.php\/izrada-dokumentacije-o-osnivanju-i-pocetku-rada-djecjeg-vrtica\/","name":"Izrada dokumentacije o osnivanju i po\u010detku rada dje\u010djeg vrti\u0107a - Melandrija Consulting","isPartOf":{"@id":"http:\/\/melandrija.hr\/#website"},"primaryImageOfPage":{"@id":"https:\/\/melandrija.hr\/index.php\/izrada-dokumentacije-o-osnivanju-i-pocetku-rada-djecjeg-vrtica\/#primaryimage"},"image":{"@id":"https:\/\/melandrija.hr\/index.php\/izrada-dokumentacije-o-osnivanju-i-pocetku-rada-djecjeg-vrtica\/#primaryimage"},"thumbnailUrl":"http:\/\/melandrija-consulting.hr\/wp-content\/uploads\/2022\/10\/circleElements.png","datePublished":"2022-10-07T07:37:27+00:00","dateModified":"2023-01-11T10:30:18+00:00","breadcrumb":{"@id":"https:\/\/melandrija.hr\/index.php\/izrada-dokumentacije-o-osnivanju-i-pocetku-rada-djecjeg-vrtica\/#breadcrumb"},"inLanguage":"en-US","potentialAction":[{"@type":"ReadAction","target":["https:\/\/melandrija.hr\/index.php\/izrada-dokumentacije-o-osnivanju-i-pocetku-rada-djecjeg-vrtica\/"]}]},{"@type":"ImageObject","inLanguage":"en-US","@id":"https:\/\/melandrija.hr\/index.php\/izrada-dokumentacije-o-osnivanju-i-pocetku-rada-djecjeg-vrtica\/#primaryimage","url":"http:\/\/melandrija-consulting.hr\/wp-content\/uploads\/2022\/10\/circleElements.png","contentUrl":"http:\/\/melandrija-consulting.hr\/wp-content\/uploads\/2022\/10\/circleElements.png"},{"@type":"BreadcrumbList","@id":"https:\/\/melandrija.hr\/index.php\/izrada-dokumentacije-o-osnivanju-i-pocetku-rada-djecjeg-vrtica\/#breadcrumb","itemListElement":[{"@type":"ListItem","position":1,"name":"Home","item":"http:\/\/melandrija.hr\/"},{"@type":"ListItem","position":2,"name":"Izrada dokumentacije o osnivanju i po\u010detku rada dje\u010djeg vrti\u0107a"}]},{"@type":"WebSite","@id":"http:\/\/melandrija.hr\/#website","url":"http:\/\/melandrija.hr\/","name":"Melandrija Consulting","description":"Razvoj gospodarstva","publisher":{"@id":"http:\/\/melandrija.hr\/#organization"},"potentialAction":[{"@type":"SearchAction","target":{"@type":"EntryPoint","urlTemplate":"http:\/\/melandrija.hr\/?s={search_term_string}"},"query-input":{"@type":"PropertyValueSpecification","valueRequired":true,"valueName":"search_term_string"}}],"inLanguage":"en-US"},{"@type":"Organization","@id":"http:\/\/melandrija.hr\/#organization","name":"Melandrija Consulting","url":"http:\/\/melandrija.hr\/","logo":{"@type":"ImageObject","inLanguage":"en-US","@id":"http:\/\/melandrija.hr\/#\/schema\/logo\/image\/","url":"http:\/\/melandrija-consulting.hr\/wp-content\/uploads\/2022\/10\/logo-melandrija-consulting.png","contentUrl":"http:\/\/melandrija-consulting.hr\/wp-content\/uploads\/2022\/10\/logo-melandrija-consulting.png","width":857,"height":384,"caption":"Melandrija Consulting"},"image":{"@id":"http:\/\/melandrija.hr\/#\/schema\/logo\/image\/"}}]}},"_links":{"self":[{"href":"https:\/\/melandrija.hr\/index.php\/wp-json\/wp\/v2\/pages\/202","targetHints":{"allow":["GET"]}}],"collection":[{"href":"https:\/\/melandrija.hr\/index.php\/wp-json\/wp\/v2\/pages"}],"about":[{"href":"https:\/\/melandrija.hr\/index.php\/wp-json\/wp\/v2\/types\/page"}],"author":[{"embeddable":true,"href":"https:\/\/melandrija.hr\/index.php\/wp-json\/wp\/v2\/users\/1"}],"replies":[{"embeddable":true,"href":"https:\/\/melandrija.hr\/index.php\/wp-json\/wp\/v2\/comments?post=202"}],"version-history":[{"count":50,"href":"https:\/\/melandrija.hr\/index.php\/wp-json\/wp\/v2\/pages\/202\/revisions"}],"predecessor-version":[{"id":663,"href":"https:\/\/melandrija.hr\/index.php\/wp-json\/wp\/v2\/pages\/202\/revisions\/663"}],"wp:attachment":[{"href":"https:\/\/melandrija.hr\/index.php\/wp-json\/wp\/v2\/media?parent=202"}],"curies":[{"name":"wp","href":"https:\/\/api.w.org\/{rel}","templated":true}]}}